{"id":74,"date":"2021-07-27T10:06:28","date_gmt":"2021-07-27T08:06:28","guid":{"rendered":"https:\/\/www.academicxsenriesgo.org\/pt\/?page_id=74"},"modified":"2021-07-31T21:02:00","modified_gmt":"2021-07-31T19:02:00","slug":"direito-internacional","status":"publish","type":"page","link":"https:\/\/www.academicxsenriesgo.org\/pt\/direito-internacional\/","title":{"rendered":"Direito Internacional"},"content":{"rendered":"<p>[et_pb_section fb_built=&#8221;1&#8243; fullwidth=&#8221;on&#8221; _builder_version=&#8221;4.7.7&#8243; _module_preset=&#8221;default&#8221;][et_pb_fullwidth_header title=&#8221;Direito Internacional&#8221; _builder_version=&#8221;4.9.10&#8243; _module_preset=&#8221;default&#8221; title_font=&#8221;|||on|||||&#8221; title_text_color=&#8221;#a0522d&#8221; title_font_size=&#8221;43px&#8221; background_color=&#8221;#f5deb3&#8243;][\/et_pb_fullwidth_header][\/et_pb_section][et_pb_section fb_built=&#8221;1&#8243; _builder_version=&#8221;4.7.7&#8243; _module_preset=&#8221;default&#8221;][et_pb_row _builder_version=&#8221;4.7.7&#8243; _module_preset=&#8221;default&#8221; custom_padding=&#8221;40px|40px|40px|40px|true|true&#8221; box_shadow_style=&#8221;preset1&#8243; box_shadow_blur=&#8221;5px&#8221; box_shadow_color=&#8221;#a0522d&#8221;][et_pb_column type=&#8221;4_4&#8243; _builder_version=&#8221;4.7.7&#8243; _module_preset=&#8221;default&#8221;][et_pb_text _builder_version=&#8221;4.9.10&#8243; _module_preset=&#8221;default&#8221; header_font=&#8221;|600||on|||||&#8221; header_text_color=&#8221;#a0522d&#8221;]<\/p>\n<h1 dir=\"ltr\" style=\"text-align: center;\"><span>NORMAS PARA A PROTE\u00c7\u00c3O DA LIBERDADE ACAD\u00caMICA <\/span><\/h1>\n<hr \/>\n<h1 dir=\"ltr\" style=\"text-align: center;\"><\/h1>\n<p>O ass\u00e9dio aos pesquisadores tem graves consequ\u00eancias pessoais, profissionais e sociais. Implicam em um ataque \u00e0 liberdade acad\u00eamica, impedindo o desenvolvimento e o avan\u00e7o da ci\u00eancia e restringindo o acesso ao conhecimento. A liberdade acad\u00eamica \u00e9 legalmente reconhecida e protegida por m\u00faltiplas normas internacionais de direitos humanos, pactos e declara\u00e7\u00f5es. O seu livre exerc\u00edcio est\u00e1 estreitamente ligado ao gozo dos direitos humanos b\u00e1sicos que os Estados s\u00e3o obrigados a respeitar, proteger e garantir. Estes direitos incluem o direito \u00e0 liberdade de express\u00e3o, o direito \u00e0 educa\u00e7\u00e3o, o direito a usufruir dos benef\u00edcios do progresso cient\u00edfico e das suas aplica\u00e7\u00f5es, entre outros. Segue-se uma lista das principais normas internacionais em que o direito \u00e0 liberdade acad\u00eamica nas suas v\u00e1rias dimens\u00f5es \u00e9 protegido como um direito humano fundamental.<\/p>\n<p>[\/et_pb_text][et_pb_accordion _builder_version=&#8221;4.9.10&#8243; _module_preset=&#8221;default&#8221; hover_enabled=&#8221;0&#8243; sticky_enabled=&#8221;0&#8243;][et_pb_accordion_item title=&#8221;DECLARA\u00c7\u00c3O UNIVERSAL DOS DIREITOS HUMANOS &#8221; open=&#8221;on&#8221; closed_toggle_text_color=&#8221;#FFFFFF&#8221; closed_toggle_background_color=&#8221;#A0522D&#8221; _builder_version=&#8221;4.9.10&#8243; _module_preset=&#8221;default&#8221; hover_enabled=&#8221;0&#8243; sticky_enabled=&#8221;0&#8243;]<\/p>\n<p><strong>Artigo 27<\/strong><br \/>1. Toda a pessoa tem o direito de tomar parte livremente na vida cultural da comunidade, de fruir as <br \/>artes e de participar no progresso cient\u00edfico e nos benef\u00edcios que deste resultam.<\/p>\n<p>Veja o texto completo da Declara\u00e7\u00e3o <a href=\"http:\/\/www.ohchr.org\/en\/udhr\/documents\/udhr_translations\/por.pdf\" target=\"_blank\" rel=\"noopener\">aqui<\/a><\/p>\n<p>[\/et_pb_accordion_item][et_pb_accordion_item title=&#8221;PACTO INTERNACIONAL DOS DIREITOS CIVIS E POL\u00cdTICOS  (PIDCP)&#8221; closed_toggle_text_color=&#8221;#FFFFFF&#8221; closed_toggle_background_color=&#8221;#A0522D&#8221; _builder_version=&#8221;4.9.10&#8243; _module_preset=&#8221;default&#8221; hover_enabled=&#8221;0&#8243; open=&#8221;off&#8221; sticky_enabled=&#8221;0&#8243;]<\/p>\n<p><strong>Artigo 19<\/strong><\/p>\n<p>1. Ningu\u00e9m pode ser discriminado por causa das suas opini\u00f5es.<br \/>2. Toda a pessoa tem direito \u00e0 liberdade de express\u00e3o; este direito compreende a liberdade de procurar, receber e divulgar informa\u00e7\u00f5es e ideias de toda a \u00edndole sem considera\u00e7\u00e3o de fronteiras, seja oralmente, por escrito, de forma impressa ou art\u00edstica, ou por qualquer outro processo que escolher.<\/p>\n<p><strong>Artigo\u00a0 21<\/strong><\/p>\n<p>\u00c9 reconhecido o direito de reuni\u00e3o pac\u00edfica. O exerc\u00edcio deste direito s\u00f3 pode ser objecto de restri\u00e7\u00f5es, previstas na lei, necess\u00e1rias numa sociedade democr\u00e1tica, no interesse da seguran\u00e7a nacional, da seguran\u00e7a p\u00fablica ou da ordem p\u00fablica ou para proteger a sa\u00fade e a moral p\u00fablicas ou os direitos e liberdades de outrem.<\/p>\n<p><strong>Artigo 22<\/strong><\/p>\n<p>1. Toda a pessoa tem direito a associar-se livremente com outras, incluindo o direito de fundar sindicatos e filiar-se neles para protec\u00e7\u00e3o dos seus interesses.\u00a0<\/p>\n<p>Ver o texto completo do Pacto <a href=\"http:\/\/www.cne.pt\/sites\/default\/files\/dl\/2_pacto_direitos_civis_politicos.pdf\" target=\"_blank\" rel=\"noopener\">aqui<\/a><\/p>\n<p>[\/et_pb_accordion_item][et_pb_accordion_item title=&#8221;PACTO INTERNACIONAL DOS DIREITOS ECON\u00d4MICOS, SOCIAIS E CULTURAIS (PIDESC)&#8221; closed_toggle_text_color=&#8221;#FFFFFF&#8221; closed_toggle_background_color=&#8221;#A0522D&#8221; _builder_version=&#8221;4.9.10&#8243; _module_preset=&#8221;default&#8221; hover_enabled=&#8221;0&#8243; open=&#8221;off&#8221; sticky_enabled=&#8221;0&#8243;]<\/p>\n<p><strong>Artigo 13<\/strong><\/p>\n<p>1. Os Estados Partes no presente Pacto reconhecem o direito de toda a pessoa \u00e0 educa\u00e7\u00e3o. Concordam que a educa\u00e7\u00e3o deve visar ao pleno desenvolvimento da personalidade humana e do sentido da sua dignidade e refor\u00e7ar o respeito pelos direitos do homem e das liberdades fundamentais<\/p>\n<p><strong>Artigo 15<\/strong><\/p>\n<p>1. Os Estados Partes no presente Pacto reconhecem a todos o direito:<br \/>a) De participar na vida cultural;<br \/>b) De beneficiar do progresso cient\u00edfico e das suas aplica\u00e7\u00f5es;<br \/>c) De beneficiar da prote\u00e7\u00e3o dos interesses morais e materiais que decorrem de toda a produ\u00e7\u00e3o cient\u00edfica, liter\u00e1ria ou art\u00edstica de que cada um \u00e9 autor.<\/p>\n<p>2. As medidas que os Estados Partes no presente Pacto tomarem com vista a assegurarem o pleno exerc\u00edcio deste direito dever\u00e3o compreender as que s\u00e3o<br \/>necess\u00e1rias para assegurar a manuten\u00e7\u00e3o, o desenvolvimento e a difus\u00e3o da ci\u00eancia e da cultura.<\/p>\n<p>3. Os Estados Partes no presente Pacto comprometem-se a respeitar a liberdade indispens\u00e1vel \u00e0 investiga\u00e7\u00e3o cient\u00edfica e \u00e0s atividades criadoras.<\/p>\n<p>4. Os Estados Partes no presente Pacto reconhecem os benef\u00edcios que devem resultar do encorajamento e do desenvolvimento dos contactos internacionais e<br \/>da coopera\u00e7\u00e3o no dom\u00ednio da ci\u00eancia e da cultura<\/p>\n<p>Ver o texto completo do PIDESC <a href=\"http:\/\/www.unfpa.org.br\/Arquivos\/pacto_internacional.pdf\" target=\"_blank\" rel=\"noopener\">aqui<\/a> <a href=\"https:\/\/www.ohchr.org\/SP\/ProfessionalInterest\/Pages\/CESCR.aspx\" target=\"_blank\" rel=\"noopener\"><\/a>\u00a0<\/p>\n<p>[\/et_pb_accordion_item][et_pb_accordion_item title=&#8221;COMENT\u00c1RIO GERAL  N\u00ba 13:  SOBRE O DIREITO  \u00c0 EDUCA\u00c7\u00c3O  (Comit\u00ea de Direitos Econ\u00f4micos, Sociais e Culturais &#8211; ONU)&#8221; closed_toggle_text_color=&#8221;#FFFFFF&#8221; closed_toggle_background_color=&#8221;#A0522D&#8221; _builder_version=&#8221;4.9.10&#8243; _module_preset=&#8221;default&#8221; hover_enabled=&#8221;0&#8243; open=&#8221;off&#8221; sticky_enabled=&#8221;0&#8243;]<\/p>\n<p>Atrav\u00e9s de seu &#8220;Coment\u00e1rio Geral N\u00ba 13: O direito \u00e0 educa\u00e7\u00e3o (artigo 13)&#8221;, o Comit\u00ea de Direitos Econ\u00f4micos, Sociais e Culturais (CESCR) determinou explicitamente que o direito \u00e0 educa\u00e7\u00e3o, conforme consagrado no Pacto do PIDESC, s\u00f3 pode ser desfrutado se for acompanhado de liberdade acad\u00eamica:\u00a0<\/p>\n<p><strong>Liberdade acad\u00eamica e autonomia instituciona<\/strong><br \/>38. \u00c0 luz dos numerosos relat\u00f3rios dos Estados Partes examinados pelo Comit\u00ea, o Comit\u00ea considera que o direito \u00e0 educa\u00e7\u00e3o s\u00f3 pode ser desfrutado se for acompanhado pela liberdade acad\u00eamica do corpo docente e dos alunos. Consequentemente, embora a quest\u00e3o <br \/>n\u00e3o seja expressamente mencionada no artigo 13, \u00e9 conveniente e necess\u00e1rio que o Comit\u00ea fa\u00e7a algumas observa\u00e7\u00f5es preliminares sobre a liberdade acad\u00eamica. Uma vez que, na experi\u00eancia do Comit\u00ea, professores e estudantes do ensino superior s\u00e3o particularmente <br \/>vulner\u00e1veis a press\u00f5es pol\u00edticas e outras que p\u00f5em em risco a liberdade acad\u00eamica, as seguintes observa\u00e7\u00f5es d\u00e3o aten\u00e7\u00e3o especial \u00e0s institui\u00e7\u00f5es de ensino superior, mas o Comit\u00ea deseja enfatizar que o corpo docente e os estudantes de todo o setor da educa\u00e7\u00e3o t\u00eam o <br \/>direito \u00e0 liberdade acad\u00eamica, e muitas das seguintes observa\u00e7\u00f5es s\u00e3o de aplica\u00e7\u00e3o geral.<\/p>\n<p>39. Os membros da comunidade acad\u00eamica s\u00e3o livres, individual ou coletivamente, para buscar, desenvolver e transmitir conhecimentos e ideias por meio de pesquisa, ensino, estudo, debate, documenta\u00e7\u00e3o, produ\u00e7\u00e3o, cria\u00e7\u00e3o ou escrita. A liberdade acad\u00eamica inclui a <br \/>liberdade do indiv\u00edduo de expressar livremente as suas opini\u00f5es sobre a institui\u00e7\u00e3o ou sistema em que atua, de desempenhar suas fun\u00e7\u00f5es sem discrimina\u00e7\u00e3o ou medo de repress\u00e3o por parte do Estado ou de qualquer outra institui\u00e7\u00e3o, de participar de organismos acad\u00eamicos profissionais ou representativos e de desfrutar de todos os direitos humanos internacionalmente reconhecidos que se aplicam a outros habitantes do mesmo territ\u00f3rio. O gozo da liberdade acad\u00eamica implica obriga\u00e7\u00f5es, tais como o dever de respeitar a liberdade acad\u00eamica dos outros, assegurar uma discuss\u00e3o justa de opini\u00f5es opostas e tratar todos sem discrimina\u00e7\u00e3o por nenhum dos motivos proibidos.<\/p>\n<p>40. Para o gozo da liberdade acad\u00eamica, a autonomia das institui\u00e7\u00f5es de ensino superior \u00e9 essencial. Autonomia \u00e9 o grau de autogoverno necess\u00e1rio para que as decis\u00f5es tomadas pelas institui\u00e7\u00f5es de ensino superior sejam eficazes em rela\u00e7\u00e3o ao seu trabalho acad\u00eamico, normas, gest\u00e3o e atividades relacionadas. No entanto, o autogoverno deve ser compat\u00edvel com os sistemas de controle p\u00fablico, especialmente no que diz respeito ao financiamento estatal. Dados os investimentos p\u00fablicos significativos no ensino superior, um equil\u00edbrio correto deve ser alcan\u00e7ado entre a autonomia institucional e a responsabilidade. Embora n\u00e3o haja um modelo \u00fanico, os arranjos institucionais devem ser razo\u00e1veis, justos e equitativos e, na medida do poss\u00edvel, transparentes e participativos<\/p>\n<p>Para mais informa\u00e7\u00f5es sobre o Coment\u00e1rio Geral No. 13, ver <a href=\"https:\/\/www.defensoria.sp.def.br\/dpesp\/repositorio\/0\/Coment%C3%A1rios%20Gerais%20da%20ONU.pdf\" target=\"_blank\" rel=\"noopener\">aqui<\/a><\/p>\n<p>[\/et_pb_accordion_item][\/et_pb_accordion][et_pb_accordion _builder_version=&#8221;4.9.2&#8243; _module_preset=&#8221;default&#8221;][\/et_pb_accordion][\/et_pb_column][\/et_pb_row][\/et_pb_section]<\/p>\n","protected":false},"excerpt":{"rendered":"<p>NORMAS PARA A PROTE\u00c7\u00c3O DA LIBERDADE ACAD\u00caMICA O ass\u00e9dio aos pesquisadores tem graves consequ\u00eancias pessoais, profissionais e sociais. Implicam em um ataque \u00e0 liberdade acad\u00eamica, impedindo o desenvolvimento e o avan\u00e7o da ci\u00eancia e restringindo o acesso ao conhecimento. A liberdade acad\u00eamica \u00e9 legalmente reconhecida e protegida por m\u00faltiplas normas internacionais de direitos humanos, pactos [&hellip;]<\/p>\n","protected":false},"author":1,"featured_media":0,"parent":0,"menu_order":0,"comment_status":"closed","ping_status":"closed","template":"","meta":{"_et_pb_use_builder":"on","_et_pb_old_content":"","_et_gb_content_width":"","footnotes":""},"class_list":["post-74","page","type-page","status-publish","hentry"],"_links":{"self":[{"href":"https:\/\/www.academicxsenriesgo.org\/pt\/wp-json\/wp\/v2\/pages\/74","targetHints":{"allow":["GET"]}}],"collection":[{"href":"https:\/\/www.academicxsenriesgo.org\/pt\/wp-json\/wp\/v2\/pages"}],"about":[{"href":"https:\/\/www.academicxsenriesgo.org\/pt\/wp-json\/wp\/v2\/types\/page"}],"author":[{"embeddable":true,"href":"https:\/\/www.academicxsenriesgo.org\/pt\/wp-json\/wp\/v2\/users\/1"}],"replies":[{"embeddable":true,"href":"https:\/\/www.academicxsenriesgo.org\/pt\/wp-json\/wp\/v2\/comments?post=74"}],"version-history":[{"count":3,"href":"https:\/\/www.academicxsenriesgo.org\/pt\/wp-json\/wp\/v2\/pages\/74\/revisions"}],"predecessor-version":[{"id":149,"href":"https:\/\/www.academicxsenriesgo.org\/pt\/wp-json\/wp\/v2\/pages\/74\/revisions\/149"}],"wp:attachment":[{"href":"https:\/\/www.academicxsenriesgo.org\/pt\/wp-json\/wp\/v2\/media?parent=74"}],"curies":[{"name":"wp","href":"https:\/\/api.w.org\/{rel}","templated":true}]}}