{"id":69,"date":"2021-07-27T09:59:49","date_gmt":"2021-07-27T07:59:49","guid":{"rendered":"https:\/\/www.academicxsenriesgo.org\/pt\/?page_id=69"},"modified":"2021-07-27T09:59:49","modified_gmt":"2021-07-27T07:59:49","slug":"objetivos","status":"publish","type":"page","link":"https:\/\/www.academicxsenriesgo.org\/pt\/objetivos\/","title":{"rendered":"Objetivos"},"content":{"rendered":"<p>[et_pb_section fb_built=&#8221;1&#8243; fullwidth=&#8221;on&#8221; _builder_version=&#8221;4.7.7&#8243; _module_preset=&#8221;default&#8221;][et_pb_fullwidth_header title=&#8221;Objetivos&#8221; _builder_version=&#8221;4.7.7&#8243; _module_preset=&#8221;default&#8221; title_font=&#8221;|||on|||||&#8221; title_text_color=&#8221;#a0522d&#8221; title_font_size=&#8221;43px&#8221; background_color=&#8221;#f5deb3&#8243;][\/et_pb_fullwidth_header][\/et_pb_section][et_pb_section fb_built=&#8221;1&#8243; _builder_version=&#8221;4.7.7&#8243; _module_preset=&#8221;default&#8221;][et_pb_row _builder_version=&#8221;4.8.1&#8243; _module_preset=&#8221;default&#8221; custom_padding=&#8221;40px|40px|40px|40px|true|true&#8221;][et_pb_column type=&#8221;4_4&#8243; _builder_version=&#8221;4.7.7&#8243; _module_preset=&#8221;default&#8221;][et_pb_text _builder_version=&#8221;4.9.10&#8243; _module_preset=&#8221;default&#8221; text_font=&#8221;|600|||||||&#8221; text_font_size=&#8221;18px&#8221; header_font=&#8221;|600||on|||||&#8221; header_text_color=&#8221;#a0522d&#8221; width=&#8221;100%&#8221; hover_enabled=&#8221;0&#8243; sticky_enabled=&#8221;0&#8243;]<\/p>\n<p>Dada a preocupante situa\u00e7\u00e3o de risco enfrentada por acad\u00eamicos em v\u00e1rias regi\u00f5es do mundo, a rede pretende contribuir para os seguintes objetivos:<\/p>\n<p>[\/et_pb_text][\/et_pb_column][\/et_pb_row][et_pb_row column_structure=&#8221;1_3,1_3,1_3&#8243; _builder_version=&#8221;4.7.7&#8243; _module_preset=&#8221;default&#8221;][et_pb_column type=&#8221;1_3&#8243; _builder_version=&#8221;4.7.7&#8243; _module_preset=&#8221;default&#8221;][et_pb_blurb title=&#8221;VISIBILIDADE E DIVULGA\u00c7\u00c3O&#8221; use_icon=&#8221;on&#8221; font_icon=&#8221;%%57%%&#8221; icon_color=&#8221;#a0522d&#8221; _builder_version=&#8221;4.9.10&#8243; _module_preset=&#8221;default&#8221; header_font=&#8221;|700||on|||||&#8221; header_text_align=&#8221;center&#8221; header_text_color=&#8221;#a0522d&#8221; header_font_size=&#8221;22px&#8221; header_line_height=&#8221;2.3em&#8221; body_font_size=&#8221;18px&#8221; hover_enabled=&#8221;0&#8243; sticky_enabled=&#8221;0&#8243;]<\/p>\n<p>Divulgar a situa\u00e7\u00e3o atual de agress\u00f5es e ataques em diferentes f\u00f3runs e inst\u00e2ncias nacionais e internacionais e divulgar entre colegas casos atuais de intimida\u00e7\u00e3o \/ ass\u00e9dio em diferentes pa\u00edses.<\/p>\n<p>[\/et_pb_blurb][\/et_pb_column][et_pb_column type=&#8221;1_3&#8243; _builder_version=&#8221;4.7.7&#8243; _module_preset=&#8221;default&#8221;][et_pb_blurb title=&#8221;ESTRAT\u00c9GIAS CONJUNTAS&#8221; use_icon=&#8221;on&#8221; font_icon=&#8221;%%57%%&#8221; icon_color=&#8221;#a0522d&#8221; _builder_version=&#8221;4.9.10&#8243; _module_preset=&#8221;default&#8221; header_font=&#8221;|700||on|||||&#8221; header_text_align=&#8221;center&#8221; header_text_color=&#8221;#a0522d&#8221; header_font_size=&#8221;22px&#8221; header_line_height=&#8221;2.3em&#8221; body_font_size=&#8221;18px&#8221; hover_enabled=&#8221;0&#8243; sticky_enabled=&#8221;0&#8243;]<\/p>\n<p>Colaborar com a constru\u00e7\u00e3o de estrat\u00e9gias de apoio e solidariedade para acompanhar os companheiros e companheiras que passam por situa\u00e7\u00f5es de intimida\u00e7\u00e3o ou viol\u00eancia.<\/p>\n<p>&nbsp;<\/p>\n<p>[\/et_pb_blurb][\/et_pb_column][et_pb_column type=&#8221;1_3&#8243; _builder_version=&#8221;4.7.7&#8243; _module_preset=&#8221;default&#8221;][et_pb_blurb title=&#8221;DEN\u00daNCIA E DI\u00c1LOGO&#8221; use_icon=&#8221;on&#8221; font_icon=&#8221;%%57%%&#8221; icon_color=&#8221;#a0522d&#8221; _builder_version=&#8221;4.9.10&#8243; _module_preset=&#8221;default&#8221; header_font=&#8221;|700||on|||||&#8221; header_text_align=&#8221;center&#8221; header_text_color=&#8221;#a0522d&#8221; header_font_size=&#8221;22px&#8221; header_line_height=&#8221;2.3em&#8221; body_font_size=&#8221;18px&#8221; hover_enabled=&#8221;0&#8243; sticky_enabled=&#8221;0&#8243;]<\/p>\n<p>Apoiar a divulga\u00e7\u00e3o das queixas e a cria\u00e7\u00e3o e acompanhamento de espa\u00e7os de di\u00e1logo com diferentes atores governamentais, da sociedade civil e acad\u00eamicos:<\/p>\n<p>a) identificar responsabilidades<\/p>\n<p>b) promover o avan\u00e7o das investiga\u00e7\u00f5es judiciais e institucionais sobre amea\u00e7as e ataques violentos.<\/p>\n<p>c) refor\u00e7ar a liberdade e independ\u00eancia da pesquisa acad\u00eamica e do ensino universit\u00e1rio.<\/p>\n<p>&nbsp;<\/p>\n<p>[\/et_pb_blurb][\/et_pb_column][\/et_pb_row][\/et_pb_section]<\/p>\n","protected":false},"excerpt":{"rendered":"<p>Dada a preocupante situa\u00e7\u00e3o de risco enfrentada por acad\u00eamicos em v\u00e1rias regi\u00f5es do mundo, a rede pretende contribuir para os seguintes objetivos:Divulgar a situa\u00e7\u00e3o atual de agress\u00f5es e ataques em diferentes f\u00f3runs e inst\u00e2ncias nacionais e internacionais e divulgar entre colegas casos atuais de intimida\u00e7\u00e3o \/ ass\u00e9dio em diferentes pa\u00edses.Colaborar com a constru\u00e7\u00e3o de estrat\u00e9gias [&hellip;]<\/p>\n","protected":false},"author":1,"featured_media":0,"parent":0,"menu_order":0,"comment_status":"closed","ping_status":"closed","template":"","meta":{"_et_pb_use_builder":"on","_et_pb_old_content":"","_et_gb_content_width":"","footnotes":""},"class_list":["post-69","page","type-page","status-publish","hentry"],"_links":{"self":[{"href":"https:\/\/www.academicxsenriesgo.org\/pt\/wp-json\/wp\/v2\/pages\/69","targetHints":{"allow":["GET"]}}],"collection":[{"href":"https:\/\/www.academicxsenriesgo.org\/pt\/wp-json\/wp\/v2\/pages"}],"about":[{"href":"https:\/\/www.academicxsenriesgo.org\/pt\/wp-json\/wp\/v2\/types\/page"}],"author":[{"embeddable":true,"href":"https:\/\/www.academicxsenriesgo.org\/pt\/wp-json\/wp\/v2\/users\/1"}],"replies":[{"embeddable":true,"href":"https:\/\/www.academicxsenriesgo.org\/pt\/wp-json\/wp\/v2\/comments?post=69"}],"version-history":[{"count":2,"href":"https:\/\/www.academicxsenriesgo.org\/pt\/wp-json\/wp\/v2\/pages\/69\/revisions"}],"predecessor-version":[{"id":71,"href":"https:\/\/www.academicxsenriesgo.org\/pt\/wp-json\/wp\/v2\/pages\/69\/revisions\/71"}],"wp:attachment":[{"href":"https:\/\/www.academicxsenriesgo.org\/pt\/wp-json\/wp\/v2\/media?parent=69"}],"curies":[{"name":"wp","href":"https:\/\/api.w.org\/{rel}","templated":true}]}}