{"id":64,"date":"2021-07-27T09:50:38","date_gmt":"2021-07-27T07:50:38","guid":{"rendered":"https:\/\/www.academicxsenriesgo.org\/pt\/?page_id=64"},"modified":"2023-05-19T19:08:52","modified_gmt":"2023-05-19T17:08:52","slug":"quem-somos","status":"publish","type":"page","link":"https:\/\/www.academicxsenriesgo.org\/pt\/quem-somos\/","title":{"rendered":"Quem somos"},"content":{"rendered":"<p>[et_pb_section fb_built=&#8221;1&#8243; fullwidth=&#8221;on&#8221; _builder_version=&#8221;4.16&#8243; _module_preset=&#8221;default&#8221; global_colors_info=&#8221;{}&#8221;][et_pb_fullwidth_header title=&#8221;Quem somos&#8221; _builder_version=&#8221;4.16&#8243; _module_preset=&#8221;default&#8221; title_font=&#8221;|||on|||||&#8221; title_text_color=&#8221;#a0522d&#8221; title_font_size=&#8221;43px&#8221; background_color=&#8221;#f5deb3&#8243; global_colors_info=&#8221;{}&#8221;][\/et_pb_fullwidth_header][\/et_pb_section][et_pb_section fb_built=&#8221;1&#8243; _builder_version=&#8221;4.16&#8243; _module_preset=&#8221;default&#8221; global_colors_info=&#8221;{}&#8221;][et_pb_row _builder_version=&#8221;4.16&#8243; _module_preset=&#8221;default&#8221; custom_padding=&#8221;40px|40px|40px|40px|true|true&#8221; box_shadow_style=&#8221;preset1&#8243; box_shadow_blur=&#8221;5px&#8221; box_shadow_color=&#8221;#a0522d&#8221; global_colors_info=&#8221;{}&#8221;][et_pb_column type=&#8221;4_4&#8243; _builder_version=&#8221;4.16&#8243; _module_preset=&#8221;default&#8221; global_colors_info=&#8221;{}&#8221;][et_pb_text _builder_version=&#8221;4.18.0&#8243; _module_preset=&#8221;default&#8221; header_font=&#8221;|600||on|||||&#8221; header_text_color=&#8221;#a0522d&#8221; hover_enabled=&#8221;0&#8243; global_colors_info=&#8221;{}&#8221; sticky_enabled=&#8221;0&#8243;]<\/p>\n<h1 dir=\"ltr\" style=\"text-align: center;\">REDE ACAD\u00caMICXS EM RISCO<\/h1>\n<hr \/>\n<h1 dir=\"ltr\" style=\"text-align: center;\"><\/h1>\n<p>A rede foi criada pelas pesquisadoras Francesca Lessa e Rosario Figari Lay\u00fas em 2018 como resultado da oficina \u201cA persist\u00eancia da Impunidade na luta pela Verdade, Justi\u00e7a, Mem\u00f3ria e Repara\u00e7\u00e3o na Am\u00e9rica Latina: os defensores dos direitos humanos em risco (The persistence of Impunity in the struggle for Truth, Justice, Memory and Reparation in Latin America: Trials&#8217; human rights defenders at Risk&#8221;), no \u00e2mbito da Confer\u00eancia da Associa\u00e7\u00e3o de Estudos Latino-Americanos (LASA), realizada em Barcelona. Durante a oficina, na qual participaram investigadores e ativistas de v\u00e1rias disciplinas das ci\u00eancias sociais e dos direitos humanos, teve lugar um interc\u00e2mbio sobre as experi\u00eancias de ass\u00e9dio, restri\u00e7\u00f5es e viol\u00eancia que ativistas e acad\u00eamicos tem sofrido em diferentes pa\u00edses da Am\u00e9rica Latina. A urg\u00eancia desta quest\u00e3o na atual situa\u00e7\u00e3o pol\u00edtica e social na Am\u00e9rica Latina e a necessidade de tomar medidas coletivas para tornar esta situa\u00e7\u00e3o vis\u00edvel e lhe p\u00f4r fim tornou-se evidente.<\/p>\n<p>Entre os tipos de ass\u00e9dio e viol\u00eancia sofridos por acad\u00eamicos e professores em universidades e institui\u00e7\u00f5es de pesquisa est\u00e3o: amea\u00e7as, ataques f\u00edsicos concretos a investigadores e\/ou as suas casas e escrit\u00f3rios, amea\u00e7as a membros da fam\u00edlia, roubo de documenta\u00e7\u00e3o e material de pesquisa, campanhas de estigmatiza\u00e7\u00e3o e difama\u00e7\u00e3o na imprensa, acusa\u00e7\u00f5es p\u00fablicas por autoridades governamentais, queixas judiciais e incurs\u00f5es policiais a casas e locais de trabalho, bloqueio de publica\u00e7\u00f5es ou mesmo rejei\u00e7\u00e3o de propostas de investiga\u00e7\u00e3o cujos temas s\u00e3o vistos como inconvenientes por algumas institui\u00e7\u00f5es acad\u00eamicas.<\/p>\n<p>Este ass\u00e9dio pode adquirir maior ou menor intensidade e ter consequ\u00eancias em diferentes n\u00edveis: tanto na esfera pessoal e profissional dos pesquisadores, como a n\u00edvel acad\u00eamico e social. Estas agress\u00f5es n\u00e3o s\u00f3 afetam seriamente a integridade f\u00edsica, econ\u00f4mica, psicol\u00f3gica e emocional daqueles que as sofrem diretamente, mas tamb\u00e9m implicam um ataque \u00e0 liberdade acad\u00eamica, ao pensamento cr\u00edtico e \u00e0 produ\u00e7\u00e3o e difus\u00e3o de conhecimento, fundamentais para o desenvolvimento social, pol\u00edtico e democr\u00e1tico de qualquer sociedade.<\/p>\n<p>A rede \u00e9 formada por pesquisadores de aproximadamente 15 pa\u00edses diferentes que fazem pesquisas na e sobre a Am\u00e9rica Latina. Dada a preocupante situa\u00e7\u00e3o de risco enfrentada por acad\u00eamicos em v\u00e1rias regi\u00f5es do mundo, a rede pretende contribuir com a divulga\u00e7\u00e3o da situa\u00e7\u00e3o atual de agress\u00f5es e ataques em diferentes f\u00f3runs e inst\u00e2ncias nacionais e internacionais e divulgar entre colegas casos atuais de intimida\u00e7\u00e3o \/ ass\u00e9dio em diferentes pa\u00edses. Outro objetivo da rede \u00e9 colaborar com a constru\u00e7\u00e3o de estrat\u00e9gias de apoio e solidariedade para acompanhar os companheiros e companheiras que passam por situa\u00e7\u00f5es de intimida\u00e7\u00e3o ou viol\u00eancia.<\/p>\n<p>&nbsp;<\/p>\n<h3><strong>Fundadoras e coordenadoras<\/strong><\/h3>\n<p><strong>Ros\u00e1rio Figari Layus<\/strong><\/p>\n<p>Rosario Figari Lay\u00fas \u00e9 pesquisadora e docente da C\u00e1tedra de Estudos para a Paz da Faculdade de Direito da Universidade Justus-Liebig de Giessen, na Alemanha. Ela fez seu doutorado em ci\u00eancia pol\u00edtica na Universidade de Marburg. Anteriormente, ela obteve seu diploma em sociologia pela Universidade de Buenos Aires e completou um mestrado em ci\u00eancias sociais pela Universidade Humboldt de Berlim. Trabalhou em pesquisa e ensino em v\u00e1rias universidades na Alemanha e na Am\u00e9rica Latina. Suas \u00e1reas de trabalho e pesquisa s\u00e3o viol\u00eancia pol\u00edtica, conflitos armados e regimes ditatoriais, justi\u00e7a de transi\u00e7\u00e3o, prote\u00e7\u00e3o de direitos humanos e liberdade acad\u00eamica.<\/p>\n<p><strong>Francesca Lessa<\/strong><\/p>\n<p>Francesca Lessa \u00e9 professora de Estudos Latino-Americanos e de Desenvolvimento na Universidade de Oxford. Ele completou seu doutorado em Rela\u00e7\u00f5es Internacionais na London School of Economics. Suas \u00e1reas de trabalho e pesquisa concentram-se em direitos humanos na Am\u00e9rica Latina, especialmente em casos de busca de verdade e justi\u00e7a para crimes do passado e do presente e as pol\u00edticas por tr\u00e1s desses processos, que incluem atores estatais, regionais e internacionais, bem como como ativistas da sociedade civil. Seu projeto mais recente enfoca a Opera\u00e7\u00e3o Condor e as pr\u00e1ticas de repress\u00e3o transnacional na Am\u00e9rica do Sul entre 1969 e 1981.<\/p>\n<p><strong>Nancy R. Tapias Torrado<\/strong><\/p>\n<p>Nancy R. Tapias Torrado \u00e9 pesquisadora de p\u00f3s-doutorado na Facult\u00e9 de Science Politique et de Droit da Universit\u00e9 du Qu\u00e9bec \u00e0 Montr\u00e9al e consultora internacional. Ela tem doutorado em sociologia pela Universidade de Oxford e \u00e9 advogada de direitos humanos (LLM, Universidade de Essex; MPhil e LLB, Universidade Javeriana). H\u00e1 duas d\u00e9cadas, Nancy trabalha com e para defensores de direitos humanos nas Am\u00e9ricas. Sua atual pesquisa acad\u00eamica explora o impacto das mobiliza\u00e7\u00f5es lideradas por mulheres ind\u00edgenas na pr\u00e1tica de empresas envolvidas em megaprojetos nas Am\u00e9ricas. Ele se juntou \u00e0 rede Academics at Risk na Confer\u00eancia LASA de 2018.<\/p>\n<h3><strong><\/strong><\/h3>\n<h3><strong>Suporte e revis\u00e3o editorial em portugu\u00eas<\/strong><\/h3>\n<p><strong>Amanda Mendon\u00e7a<\/strong><\/p>\n<p>Amanda Mendon\u00e7a \u00e9 professora Adjunta da Faculdade de Forma\u00e7\u00e3o de Professores &#8211; FFP\/UERJ e do Programa de P\u00f3s-Gradua\u00e7\u00e3o em Educa\u00e7\u00e3o. Doutora em Pol\u00edtica Social pela Universidade Federal Fluminense. Mestre em educa\u00e7\u00e3o pelo Programa de P\u00f3s Gradua\u00e7\u00e3o em Educa\u00e7\u00e3o &#8211; PPGE \/ UFRJ e especialista em g\u00eanero e sexualidade pela UERJ. Bacharel e licenciada em Ci\u00eancias sociais. Realizou est\u00e1gio de p\u00f3s-doutoramento em educa\u00e7\u00e3o na Universidade Federal Fluminense. Integra o Observat\u00f3rio da Laicidade na Educa\u00e7\u00e3o &#8211; OL\u00c9 e tamb\u00e9m \u00e9 vice-l\u00edder do Grupo de Pesquisa e Estudos G\u00eaneros, Sexualidades e Diferen\u00e7as nos V\u00e1rios Espa\u00e7os Tempos da Hist\u00f3ria e dos Cotidianos (GESDI). \u00c9 pesquisadora associada da Universidade de Dundee (Esc\u00f3cia).<\/p>\n<p>[\/et_pb_text][\/et_pb_column][\/et_pb_row][\/et_pb_section]<\/p>\n","protected":false},"excerpt":{"rendered":"<p>REDE ACAD\u00caMICXS EM RISCO A rede foi criada pelas pesquisadoras Francesca Lessa e Rosario Figari Lay\u00fas em 2018 como resultado da oficina \u201cA persist\u00eancia da Impunidade na luta pela Verdade, Justi\u00e7a, Mem\u00f3ria e Repara\u00e7\u00e3o na Am\u00e9rica Latina: os defensores dos direitos humanos em risco (The persistence of Impunity in the struggle for Truth, Justice, Memory [&hellip;]<\/p>\n","protected":false},"author":1,"featured_media":0,"parent":0,"menu_order":0,"comment_status":"closed","ping_status":"closed","template":"","meta":{"_et_pb_use_builder":"on","_et_pb_old_content":"","_et_gb_content_width":"","footnotes":""},"class_list":["post-64","page","type-page","status-publish","hentry"],"_links":{"self":[{"href":"https:\/\/www.academicxsenriesgo.org\/pt\/wp-json\/wp\/v2\/pages\/64","targetHints":{"allow":["GET"]}}],"collection":[{"href":"https:\/\/www.academicxsenriesgo.org\/pt\/wp-json\/wp\/v2\/pages"}],"about":[{"href":"https:\/\/www.academicxsenriesgo.org\/pt\/wp-json\/wp\/v2\/types\/page"}],"author":[{"embeddable":true,"href":"https:\/\/www.academicxsenriesgo.org\/pt\/wp-json\/wp\/v2\/users\/1"}],"replies":[{"embeddable":true,"href":"https:\/\/www.academicxsenriesgo.org\/pt\/wp-json\/wp\/v2\/comments?post=64"}],"version-history":[{"count":7,"href":"https:\/\/www.academicxsenriesgo.org\/pt\/wp-json\/wp\/v2\/pages\/64\/revisions"}],"predecessor-version":[{"id":585,"href":"https:\/\/www.academicxsenriesgo.org\/pt\/wp-json\/wp\/v2\/pages\/64\/revisions\/585"}],"wp:attachment":[{"href":"https:\/\/www.academicxsenriesgo.org\/pt\/wp-json\/wp\/v2\/media?parent=64"}],"curies":[{"name":"wp","href":"https:\/\/api.w.org\/{rel}","templated":true}]}}