{"id":4,"date":"2021-07-26T11:00:09","date_gmt":"2021-07-26T09:00:09","guid":{"rendered":"https:\/\/www.academicxsenriesgo.org\/pt\/?page_id=4"},"modified":"2022-06-16T10:43:54","modified_gmt":"2022-06-16T08:43:54","slug":"inicio","status":"publish","type":"page","link":"https:\/\/www.academicxsenriesgo.org\/pt\/","title":{"rendered":"Inicio"},"content":{"rendered":"<p>[et_pb_section fb_built=&#8221;1&#8243; custom_padding_last_edited=&#8221;off|desktop&#8221; admin_label=&#8221;Header&#8221; _builder_version=&#8221;4.9.10&#8243; background_enable_color=&#8221;off&#8221; use_background_color_gradient=&#8221;on&#8221; background_color_gradient_start=&#8221;#474747&#8243; background_color_gradient_end=&#8221;rgba(160,69,27,0.41)&#8221; background_color_gradient_direction=&#8221;1deg&#8221; background_color_gradient_end_position=&#8221;6%&#8221; background_color_gradient_overlays_image=&#8221;on&#8221; background_image=&#8221;https:\/\/www.academicxsenriesgo.org\/pt\/wp-content\/uploads\/sites\/2\/2021\/07\/fondo-inicio.jpg&#8221; background_size=&#8221;initial&#8221; custom_padding=&#8221;7vw||7vw||true|false&#8221; custom_padding_tablet=&#8221;||||false|false&#8221; custom_padding_phone=&#8221;||||false|false&#8221; global_colors_info=&#8221;{}&#8221;][et_pb_row _builder_version=&#8221;4.15&#8243; max_width=&#8221;1217px&#8221; custom_padding=&#8221;4%|4%|4%|4%|true|true&#8221; border_color_all=&#8221;#A0522D&#8221; border_width_bottom=&#8221;8px&#8221; border_width_left=&#8221;8px&#8221; global_colors_info=&#8221;{}&#8221;][et_pb_column type=&#8221;4_4&#8243; _builder_version=&#8221;4.15&#8243; custom_padding_tablet=&#8221;|||30px|false|false&#8221; custom_padding_last_edited=&#8221;off|desktop&#8221; global_colors_info=&#8221;{}&#8221;][et_pb_text _builder_version=&#8221;4.15&#8243; text_font=&#8221;|600|||||||&#8221; text_font_size=&#8221;20px&#8221; text_line_height=&#8221;1.5em&#8221; header_font=&#8221;Heebo|900||on|||||&#8221; header_text_align=&#8221;center&#8221; header_font_size=&#8221;68px&#8221; header_letter_spacing=&#8221;0.05em&#8221; header_line_height=&#8221;1.2em&#8221; header_2_font=&#8221;Heebo|700||on|||||&#8221; header_2_font_size=&#8221;24px&#8221; header_2_letter_spacing=&#8221;0.4em&#8221; header_2_line_height=&#8221;1.3em&#8221; background_layout=&#8221;dark&#8221; max_width_tablet=&#8221;&#8221; max_width_phone=&#8221;94%&#8221; max_width_last_edited=&#8221;on|phone&#8221; custom_margin=&#8221;|-88px||||&#8221; custom_padding=&#8221;|0px|0px|||&#8221; text_font_size_tablet=&#8221;18px&#8221; text_font_size_phone=&#8221;14px&#8221; text_font_size_last_edited=&#8221;on|phone&#8221; header_text_align_tablet=&#8221;&#8221; header_text_align_phone=&#8221;left&#8221; header_text_align_last_edited=&#8221;on|tablet&#8221; header_font_size_tablet=&#8221;60px&#8221; header_font_size_phone=&#8221;30px&#8221; header_font_size_last_edited=&#8221;on|phone&#8221; header_2_font_size_tablet=&#8221;18px&#8221; header_2_font_size_phone=&#8221;14px&#8221; header_2_font_size_last_edited=&#8221;on|phone&#8221; locked=&#8221;off&#8221; global_colors_info=&#8221;{}&#8221;]<\/p>\n<h1>Rede<br \/>Acad\u00eamicxs em Risco<\/h1>\n<p>&nbsp;<\/p>\n<p>A Rede Acad\u00eamicxs em Risco d\u00e1 as boas-vindas ao primeiro portal em espanhol, portugu\u00eas e ingl\u00eas que visa tornar vis\u00edvel uma multiplicidade de situa\u00e7\u00f5es de viol\u00eancia e intimida\u00e7\u00e3o enfrentadas por aqueles que trabalham, a partir de uma perspectiva cr\u00edtica e independente, na comunidade acad\u00eamica, ensino e pesquisa cient\u00edfica sobre quest\u00f5es de relev\u00e2ncia social, pol\u00edtica e econ\u00f4mica.<\/p>\n<p>[\/et_pb_text][\/et_pb_column][\/et_pb_row][et_pb_row custom_padding_last_edited=&#8221;off|tablet&#8221; _builder_version=&#8221;4.15&#8243; max_width=&#8221;1200px&#8221; custom_padding=&#8221;0px||7%||false|false&#8221; border_color_all=&#8221;#7cda24&#8243; border_width_right=&#8221;8px&#8221; border_color_right=&#8221;#a0522d&#8221; global_colors_info=&#8221;{}&#8221;][et_pb_column type=&#8221;4_4&#8243; _builder_version=&#8221;4.15&#8243; global_colors_info=&#8221;{}&#8221;][et_pb_button button_alignment=&#8221;right&#8221; _builder_version=&#8221;4.8.1&#8243; custom_button=&#8221;on&#8221; button_text_size=&#8221;14px&#8221; button_text_color=&#8221;#ffffff&#8221; button_bg_color=&#8221;#A0522D&#8221; button_border_width=&#8221;0px&#8221; button_border_radius=&#8221;0px&#8221; button_letter_spacing=&#8221;5px&#8221; button_font=&#8221;|700||on|||||&#8221; custom_padding=&#8221;22px|30px|22px|30px|true|true&#8221; locked=&#8221;off&#8221; global_colors_info=&#8221;{}&#8221;][\/et_pb_button][\/et_pb_column][\/et_pb_row][\/et_pb_section][et_pb_section fb_built=&#8221;1&#8243; admin_label=&#8221;Services&#8221; _builder_version=&#8221;4.15&#8243; background_color=&#8221;rgba(0,0,0,0)&#8221; custom_padding=&#8221;0px||||false|false&#8221; global_colors_info=&#8221;{}&#8221;][et_pb_row column_structure=&#8221;1_3,1_3,1_3&#8243; use_custom_gutter=&#8221;on&#8221; gutter_width=&#8221;2&#8243; custom_padding_last_edited=&#8221;on|phone&#8221; _builder_version=&#8221;4.15&#8243; background_color=&#8221;#A0522D&#8221; max_width=&#8221;1200px&#8221; custom_margin=&#8221;-8vw||||false|false&#8221; custom_padding=&#8221;60px|60px|60px|60px|true|true&#8221; custom_padding_tablet=&#8221;50px|30px|50px|30px|true|true&#8221; custom_padding_phone=&#8221;40px||40px||true|true&#8221; locked=&#8221;off&#8221; global_colors_info=&#8221;{}&#8221;][et_pb_column type=&#8221;1_3&#8243; _builder_version=&#8221;4.15&#8243; global_colors_info=&#8221;{}&#8221;][et_pb_blurb title=&#8221;Quem somos&#8221; url=&#8221;\/pt\/quem-somos\/&#8221; use_icon=&#8221;on&#8221; font_icon=&#8221;&#xe08b;||divi||400&#8243; icon_color=&#8221;#f5deb3&#8243; content_max_width=&#8221;100%&#8221; _builder_version=&#8221;4.15&#8243; header_level=&#8221;h3&#8243; header_font=&#8221;Heebo|700|||||||&#8221; header_font_size=&#8221;24px&#8221; header_line_height=&#8221;1.3em&#8221; body_font_size=&#8221;16px&#8221; body_line_height=&#8221;2em&#8221; text_orientation=&#8221;center&#8221; background_layout=&#8221;dark&#8221; header_font_size_tablet=&#8221;&#8221; header_font_size_phone=&#8221;20px&#8221; header_font_size_last_edited=&#8221;on|desktop&#8221; body_font_size_tablet=&#8221;14px&#8221; body_font_size_phone=&#8221;&#8221; body_font_size_last_edited=&#8221;on|phone&#8221; global_colors_info=&#8221;{}&#8221;][\/et_pb_blurb][\/et_pb_column][et_pb_column type=&#8221;1_3&#8243; _builder_version=&#8221;4.15&#8243; global_colors_info=&#8221;{}&#8221;][et_pb_blurb title=&#8221;Objetivos&#8221; url=&#8221;\/pt\/objetivos\/&#8221; use_icon=&#8221;on&#8221; font_icon=&#8221;&#x6c;||divi||400&#8243; icon_color=&#8221;#f5deb3&#8243; content_max_width=&#8221;100%&#8221; _builder_version=&#8221;4.15&#8243; header_level=&#8221;h3&#8243; header_font=&#8221;Heebo|700|||||||&#8221; header_font_size=&#8221;24px&#8221; header_line_height=&#8221;1.3em&#8221; body_font_size=&#8221;16px&#8221; body_line_height=&#8221;2em&#8221; text_orientation=&#8221;center&#8221; background_layout=&#8221;dark&#8221; header_font_size_tablet=&#8221;&#8221; header_font_size_phone=&#8221;20px&#8221; header_font_size_last_edited=&#8221;on|desktop&#8221; body_font_size_tablet=&#8221;14px&#8221; body_font_size_phone=&#8221;&#8221; body_font_size_last_edited=&#8221;on|phone&#8221; locked=&#8221;off&#8221; global_colors_info=&#8221;{}&#8221;][\/et_pb_blurb][\/et_pb_column][et_pb_column type=&#8221;1_3&#8243; _builder_version=&#8221;4.15&#8243; global_colors_info=&#8221;{}&#8221;][et_pb_blurb title=&#8221;Direito Internacional&#8221; url=&#8221;\/pt\/direito-internacional\/&#8221; use_icon=&#8221;on&#8221; font_icon=&#8221;&#x69;||divi||400&#8243; icon_color=&#8221;#f5deb3&#8243; content_max_width=&#8221;100%&#8221; _builder_version=&#8221;4.15&#8243; header_level=&#8221;h3&#8243; header_font=&#8221;Heebo|700|||||||&#8221; header_font_size=&#8221;24px&#8221; header_line_height=&#8221;1.3em&#8221; body_font_size=&#8221;16px&#8221; body_line_height=&#8221;2em&#8221; text_orientation=&#8221;center&#8221; background_layout=&#8221;dark&#8221; header_font_size_tablet=&#8221;&#8221; header_font_size_phone=&#8221;20px&#8221; header_font_size_last_edited=&#8221;on|desktop&#8221; body_font_size_tablet=&#8221;14px&#8221; body_font_size_phone=&#8221;&#8221; body_font_size_last_edited=&#8221;on|phone&#8221; locked=&#8221;off&#8221; global_colors_info=&#8221;{}&#8221;][\/et_pb_blurb][\/et_pb_column][\/et_pb_row][\/et_pb_section][et_pb_section fb_built=&#8221;1&#8243; admin_label=&#8221;Features&#8221; _builder_version=&#8221;4.15&#8243; global_colors_info=&#8221;{}&#8221;][et_pb_row _builder_version=&#8221;4.15&#8243; locked=&#8221;off&#8221; global_colors_info=&#8221;{}&#8221;][et_pb_column type=&#8221;4_4&#8243; _builder_version=&#8221;4.15&#8243; global_colors_info=&#8221;{}&#8221;][et_pb_text _builder_version=&#8221;4.15&#8243; header_text_color=&#8221;#a0522d&#8221; header_2_font=&#8221;Heebo|900||on|||||&#8221; header_2_text_color=&#8221;#a0522d&#8221; header_2_font_size=&#8221;60px&#8221; header_2_letter_spacing=&#8221;2px&#8221; header_2_line_height=&#8221;1.3em&#8221; custom_padding_tablet=&#8221;|||0px|false|false&#8221; custom_padding_last_edited=&#8221;off|desktop&#8221; header_2_font_size_tablet=&#8221;40px&#8221; header_2_font_size_phone=&#8221;24px&#8221; header_2_font_size_last_edited=&#8221;on|phone&#8221; locked=&#8221;off&#8221; global_colors_info=&#8221;{}&#8221;]<\/p>\n<h2>Not\u00edcias<\/h2>\n<p>[\/et_pb_text][\/et_pb_column][\/et_pb_row][et_pb_row use_custom_gutter=&#8221;on&#8221; gutter_width=&#8221;2&#8243; _builder_version=&#8221;4.15&#8243; custom_margin=&#8221;||||false|false&#8221; locked=&#8221;off&#8221; global_colors_info=&#8221;{}&#8221;][et_pb_column type=&#8221;4_4&#8243; _builder_version=&#8221;4.15&#8243; global_colors_info=&#8221;{}&#8221;][et_pb_blog fullwidth=&#8221;off&#8221; posts_number=&#8221;3&#8243; include_categories=&#8221;4&#8243; show_more=&#8221;on&#8221; show_author=&#8221;off&#8221; show_date=&#8221;off&#8221; show_categories=&#8221;off&#8221; _builder_version=&#8221;4.15&#8243; _module_preset=&#8221;default&#8221; header_font=&#8221;|600||on|||||&#8221; header_text_color=&#8221;#a0522d&#8221; header_line_height=&#8221;1.4em&#8221; read_more_font=&#8221;|700|||||||&#8221; read_more_text_color=&#8221;#474747&#8243; read_more_font_size=&#8221;13px&#8221; read_more_line_height=&#8221;3em&#8221; custom_margin=&#8221;-44px|||||&#8221; global_colors_info=&#8221;{}&#8221;][\/et_pb_blog][\/et_pb_column][\/et_pb_row][\/et_pb_section]<\/p>\n","protected":false},"excerpt":{"rendered":"<p>RedeAcad\u00eamicxs em Risco &nbsp; A Rede Acad\u00eamicxs em Risco d\u00e1 as boas-vindas ao primeiro portal em espanhol, portugu\u00eas e ingl\u00eas que visa tornar vis\u00edvel uma multiplicidade de situa\u00e7\u00f5es de viol\u00eancia e intimida\u00e7\u00e3o enfrentadas por aqueles que trabalham, a partir de uma perspectiva cr\u00edtica e independente, na comunidade acad\u00eamica, ensino e pesquisa cient\u00edfica sobre quest\u00f5es de [&hellip;]<\/p>\n","protected":false},"author":1,"featured_media":0,"parent":0,"menu_order":0,"comment_status":"closed","ping_status":"closed","template":"","meta":{"_et_pb_use_builder":"on","_et_pb_old_content":"","_et_gb_content_width":"","footnotes":""},"class_list":["post-4","page","type-page","status-publish","hentry"],"_links":{"self":[{"href":"https:\/\/www.academicxsenriesgo.org\/pt\/wp-json\/wp\/v2\/pages\/4","targetHints":{"allow":["GET"]}}],"collection":[{"href":"https:\/\/www.academicxsenriesgo.org\/pt\/wp-json\/wp\/v2\/pages"}],"about":[{"href":"https:\/\/www.academicxsenriesgo.org\/pt\/wp-json\/wp\/v2\/types\/page"}],"author":[{"embeddable":true,"href":"https:\/\/www.academicxsenriesgo.org\/pt\/wp-json\/wp\/v2\/users\/1"}],"replies":[{"embeddable":true,"href":"https:\/\/www.academicxsenriesgo.org\/pt\/wp-json\/wp\/v2\/comments?post=4"}],"version-history":[{"count":22,"href":"https:\/\/www.academicxsenriesgo.org\/pt\/wp-json\/wp\/v2\/pages\/4\/revisions"}],"predecessor-version":[{"id":409,"href":"https:\/\/www.academicxsenriesgo.org\/pt\/wp-json\/wp\/v2\/pages\/4\/revisions\/409"}],"wp:attachment":[{"href":"https:\/\/www.academicxsenriesgo.org\/pt\/wp-json\/wp\/v2\/media?parent=4"}],"curies":[{"name":"wp","href":"https:\/\/api.w.org\/{rel}","templated":true}]}}